{"id":1530,"date":"2025-12-09T13:00:51","date_gmt":"2025-12-09T13:00:51","guid":{"rendered":"https:\/\/www.associaciobrisa.cat\/inicio\/"},"modified":"2026-01-30T09:01:19","modified_gmt":"2026-01-30T09:01:19","slug":"inicio","status":"publish","type":"page","link":"https:\/\/www.associaciobrisa.cat\/es\/","title":{"rendered":"Inicio"},"content":{"rendered":"<div class=\"wpb-content-wrapper\"><p>[vc_row][vc_column width=\u00bb1\/6&#8243;][\/vc_column][vc_column width=\u00bb2\/3&#8243;][vc_column_text css=\u00bb\u00bb]<\/p>\n<h1 style=\"text-align: center;\">Arte, cuerpo y naturaleza en movimiento<\/h1>\n<p>[\/vc_column_text][vc_column_text css=\u00bb\u00bb]<\/p>\n<p style=\"text-align: center;\">En Brisa unimos el arte, el cuerpo y la naturaleza para crear espacios de encuentro, de experimentaci\u00f3n y de conexi\u00f3n con aquello que est\u00e1 vivo.<br \/>\nSomos un colectivo de artistas y educadoras que cree en el poder del movimiento, del juego y de la creatividad como caminos para aprender y transformar.<\/p>\n<p>[\/vc_column_text][vc_empty_space height=\u00bb50px\u00bb]<style type=\"text\/css\" data-type=\"the7_shortcodes-inline-css\">#default-btn-4c97366069c377b7c4d83bfed63af56f.ico-right-side > i {\n  margin-right: 0px;\n  margin-left: 8px;\n}\n#default-btn-4c97366069c377b7c4d83bfed63af56f > i {\n  margin-right: 8px;\n}<\/style><div class=\"btn-align-center\"><a href=\"https:\/\/www.associaciobrisa.cat\/es\/quienes-somos\/\" class=\"default-btn-shortcode dt-btn dt-btn-m link-hover-off \" id=\"default-btn-4c97366069c377b7c4d83bfed63af56f\" title=\"Qui\u00e9nes somos\"><span>Qui\u00e9nes somos<\/span><\/a><\/div>[vc_empty_space height=\u00bb50px\u00bb][\/vc_column][vc_column width=\u00bb1\/6&#8243;][\/vc_column][\/vc_row][vc_row][vc_column width=\u00bb1\/6&#8243;][\/vc_column][vc_column width=\u00bb2\/3&#8243;][vc_empty_space height=\u00bb50px\u00bb][vc_column_text css=\u00bb\u00bb]<\/p>\n<h2 style=\"text-align: center;\">Nuestros proyectos<\/h2>\n<p>[\/vc_column_text][vc_column_text css=\u00bb\u00bb]<\/p>\n<p style=\"text-align: center;\">Los proyectos de Brisa nacen del deseo de explorar nuevas maneras de relacionarnos con el territorio. Son propuestas que combinan movimiento, creatividad y descubrimiento para generar experiencias que conectan a las personas con el entorno de una manera viva y significativa.<\/p>\n<p>[\/vc_column_text][vc_empty_space height=\u00bb50px\u00bb]<style type=\"text\/css\" data-type=\"the7_shortcodes-inline-css\">#default-btn-98aa9f93e546dd414d02a7e6051cc4eb.ico-right-side > i {\n  margin-right: 0px;\n  margin-left: 8px;\n}\n#default-btn-98aa9f93e546dd414d02a7e6051cc4eb > i {\n  margin-right: 8px;\n}<\/style><div class=\"btn-align-center\"><a href=\"https:\/\/www.associaciobrisa.cat\/es\/proyectos\/\" class=\"default-btn-shortcode dt-btn dt-btn-m link-hover-off \" id=\"default-btn-98aa9f93e546dd414d02a7e6051cc4eb\" title=\"proyectos\"><span>M\u00e1s proyectos<\/span><\/a><\/div>[vc_empty_space height=\u00bb50px\u00bb][\/vc_column][vc_column width=\u00bb1\/6&#8243;][\/vc_column][\/vc_row][vc_row full_width=\u00bbstretch_row_content_no_spaces\u00bb bg_type=\u00bbimage\u00bb parallax_style=\u00bbvcpb-default\u00bb bg_image_new=\u00bbid^1221|url^https:\/\/www.associaciobrisa.cat\/wp-content\/uploads\/2025\/12\/Brisa-foto-inici-projecte-mans.webp|caption^null|alt^null|title^Brisa &#8211; foto inici projecte mans|description^null\u00bb bg_image_repeat=\u00bbno-repeat\u00bb enable_overlay=\u00bbenable_overlay_value\u00bb css=\u00bb.vc_custom_1765444067163{margin-top: 50px !important;margin-bottom: 0px !important;padding-top: 250px !important;padding-bottom: 250px !important;}\u00bb][vc_column]<style type=\"text\/css\" data-type=\"the7_shortcodes-inline-css\">#default-btn-6e5b8f102c2fa71f5cda57f4bfdb4f5b {\n  border-radius: 1px;\n  font-size: 35px;\n  line-height: 37px;\n}\n.btn-shadow#default-btn-6e5b8f102c2fa71f5cda57f4bfdb4f5b {\n  box-shadow: 0 1px 6px rgba(0,0,0,0.12);\n  transition: box-shadow 0.2s ease-out, opacity 0.45s;\n}\n.btn-shadow#default-btn-6e5b8f102c2fa71f5cda57f4bfdb4f5b:hover {\n  box-shadow: 0 5px 11px 0 rgba(0,0,0,0.18), 0 4px 15px 0 rgba(0,0,0,0.15);\n}\n.btn-3d#default-btn-6e5b8f102c2fa71f5cda57f4bfdb4f5b {\n  box-shadow: 0px 2px 0px 0px #1d1d1d;\n}\n.btn-3d#default-btn-6e5b8f102c2fa71f5cda57f4bfdb4f5b:hover {\n  box-shadow: 0px 2px 0px 0px #1d1d1d;\n}\n.btn-flat#default-btn-6e5b8f102c2fa71f5cda57f4bfdb4f5b {\n  box-shadow: none;\n}\n.btn-flat#default-btn-6e5b8f102c2fa71f5cda57f4bfdb4f5b:hover {\n  box-shadow: none;\n}\n#default-btn-6e5b8f102c2fa71f5cda57f4bfdb4f5b.ico-right-side > i {\n  margin-right: 0px;\n  margin-left: 8px;\n}\n#default-btn-6e5b8f102c2fa71f5cda57f4bfdb4f5b > i {\n  margin-right: 8px;\n  font-size: 12px;\n}\n#default-btn-6e5b8f102c2fa71f5cda57f4bfdb4f5b:not(:hover) {\n  border-width: 0px;\n  color: #FFFFFF;\n  background: #3C3C3B91 !important;\n  padding: 50px 50px 50px 50px;\n}\n#default-btn-6e5b8f102c2fa71f5cda57f4bfdb4f5b:not(:hover) * {\n  color: #FFFFFF;\n}\n#default-btn-6e5b8f102c2fa71f5cda57f4bfdb4f5b:hover {\n  border-width: 0px;\n  color: #FFFFFF;\n  background: #3C3C3B91 !important;\n  padding: 50px 50px 50px 50px;\n}\n#default-btn-6e5b8f102c2fa71f5cda57f4bfdb4f5b:hover * {\n  color: #FFFFFF;\n}\n#default-btn-6e5b8f102c2fa71f5cda57f4bfdb4f5b.ico-right-side > i {\n  margin-right: 0px;\n  margin-left: 8px;\n}\n#default-btn-6e5b8f102c2fa71f5cda57f4bfdb4f5b > i {\n  margin-right: 8px;\n}<\/style><div class=\"btn-align-center\"><a href=\"https:\/\/www.associaciobrisa.cat\/es\/manos-a-la-rama-y-pies-en-el-rio\/\" class=\"default-btn-shortcode dt-btn link-hover-off full-width-btn btn-flat \" id=\"default-btn-6e5b8f102c2fa71f5cda57f4bfdb4f5b\" title=\"Manos en la rama y pies en el r\u00edo\"><span>Manos a la rama y pies en el r\u00edo<\/span><\/a><\/div>[\/vc_column][\/vc_row][vc_row full_width=\u00bbstretch_row_content_no_spaces\u00bb bg_type=\u00bbimage\u00bb parallax_style=\u00bbvcpb-default\u00bb bg_image_new=\u00bbid^1229|url^https:\/\/www.associaciobrisa.cat\/wp-content\/uploads\/2025\/12\/Brisa-foto-inici-micro.webp|caption^null|alt^null|title^Brisa &#8211; foto inici micro|description^null\u00bb bg_image_repeat=\u00bbno-repeat\u00bb enable_overlay=\u00bbenable_overlay_value\u00bb overlay_color=\u00bb#80C7BC40&#8243; overlay_pattern=\u00bbtransperant\u00bb overlay_pattern_opacity=\u00bb85&#8243; overlay_pattern_size=\u00bb3&#8243; css=\u00bb.vc_custom_1765444024124{margin-top: 0px !important;padding-top: 250px !important;padding-bottom: 250px !important;}\u00bb][vc_column]<style type=\"text\/css\" data-type=\"the7_shortcodes-inline-css\">#default-btn-b94cb53bb71e86080354940aefa50e1b {\n  border-radius: 1px;\n  font-size: 35px;\n  line-height: 37px;\n}\n.btn-shadow#default-btn-b94cb53bb71e86080354940aefa50e1b {\n  box-shadow: 0 1px 6px rgba(0,0,0,0.12);\n  transition: box-shadow 0.2s ease-out, opacity 0.45s;\n}\n.btn-shadow#default-btn-b94cb53bb71e86080354940aefa50e1b:hover {\n  box-shadow: 0 5px 11px 0 rgba(0,0,0,0.18), 0 4px 15px 0 rgba(0,0,0,0.15);\n}\n.btn-3d#default-btn-b94cb53bb71e86080354940aefa50e1b {\n  box-shadow: 0px 2px 0px 0px #1d1d1d;\n}\n.btn-3d#default-btn-b94cb53bb71e86080354940aefa50e1b:hover {\n  box-shadow: 0px 2px 0px 0px #1d1d1d;\n}\n.btn-flat#default-btn-b94cb53bb71e86080354940aefa50e1b {\n  box-shadow: none;\n}\n.btn-flat#default-btn-b94cb53bb71e86080354940aefa50e1b:hover {\n  box-shadow: none;\n}\n#default-btn-b94cb53bb71e86080354940aefa50e1b.ico-right-side > i {\n  margin-right: 0px;\n  margin-left: 8px;\n}\n#default-btn-b94cb53bb71e86080354940aefa50e1b > i {\n  margin-right: 8px;\n  font-size: 12px;\n}\n#default-btn-b94cb53bb71e86080354940aefa50e1b:not(:hover) {\n  border-width: 0px;\n  color: #FFFFFF;\n  background: #3C3C3B91 !important;\n  padding: 50px 50px 50px 50px;\n}\n#default-btn-b94cb53bb71e86080354940aefa50e1b:not(:hover) * {\n  color: #FFFFFF;\n}\n#default-btn-b94cb53bb71e86080354940aefa50e1b:hover {\n  border-width: 0px;\n  color: #FFFFFF;\n  background: #3C3C3B91 !important;\n  padding: 50px 50px 50px 50px;\n}\n#default-btn-b94cb53bb71e86080354940aefa50e1b:hover * {\n  color: #FFFFFF;\n}\n#default-btn-b94cb53bb71e86080354940aefa50e1b.ico-right-side > i {\n  margin-right: 0px;\n  margin-left: 8px;\n}\n#default-btn-b94cb53bb71e86080354940aefa50e1b > i {\n  margin-right: 8px;\n}<\/style><div class=\"btn-align-center\"><a href=\"https:\/\/www.associaciobrisa.cat\/es\/micro\/\" class=\"default-btn-shortcode dt-btn link-hover-off full-width-btn btn-flat \" id=\"default-btn-b94cb53bb71e86080354940aefa50e1b\" title=\"Micro\"><span>Festival Micro<\/span><\/a><\/div>[\/vc_column][\/vc_row]<\/p>\n<\/div>","protected":false},"excerpt":{"rendered":"<p>[vc_row][vc_column width=\u00bb1\/6&#8243;][\/vc_column][vc_column width=\u00bb2\/3&#8243;][vc_column_text css=\u00bb\u00bb] Arte, cuerpo y naturaleza en movimiento [\/vc_column_text][vc_column_text css=\u00bb\u00bb] En Brisa unimos el arte, el cuerpo y la naturaleza para crear espacios de encuentro, de experimentaci\u00f3n y de conexi\u00f3n con aquello que est\u00e1 vivo. Somos un colectivo de artistas y educadoras que cree en el poder del movimiento, del juego y de&hellip;<\/p>\n","protected":false},"author":1,"featured_media":0,"parent":0,"menu_order":0,"comment_status":"closed","ping_status":"closed","template":"template-microsite.php","meta":{"footnotes":""},"class_list":["post-1530","page","type-page","status-publish","hentry","description-off"],"_links":{"self":[{"href":"https:\/\/www.associaciobrisa.cat\/es\/wp-json\/wp\/v2\/pages\/1530","targetHints":{"allow":["GET"]}}],"collection":[{"href":"https:\/\/www.associaciobrisa.cat\/es\/wp-json\/wp\/v2\/pages"}],"about":[{"href":"https:\/\/www.associaciobrisa.cat\/es\/wp-json\/wp\/v2\/types\/page"}],"author":[{"embeddable":true,"href":"https:\/\/www.associaciobrisa.cat\/es\/wp-json\/wp\/v2\/users\/1"}],"replies":[{"embeddable":true,"href":"https:\/\/www.associaciobrisa.cat\/es\/wp-json\/wp\/v2\/comments?post=1530"}],"version-history":[{"count":5,"href":"https:\/\/www.associaciobrisa.cat\/es\/wp-json\/wp\/v2\/pages\/1530\/revisions"}],"predecessor-version":[{"id":1604,"href":"https:\/\/www.associaciobrisa.cat\/es\/wp-json\/wp\/v2\/pages\/1530\/revisions\/1604"}],"wp:attachment":[{"href":"https:\/\/www.associaciobrisa.cat\/es\/wp-json\/wp\/v2\/media?parent=1530"}],"curies":[{"name":"wp","href":"https:\/\/api.w.org\/{rel}","templated":true}]}}