{"id":1540,"date":"2025-12-09T13:21:43","date_gmt":"2025-12-09T13:21:43","guid":{"rendered":"https:\/\/www.associaciobrisa.cat\/agenda\/"},"modified":"2026-01-30T11:21:56","modified_gmt":"2026-01-30T11:21:56","slug":"agenda-associacio-brisa","status":"publish","type":"page","link":"https:\/\/www.associaciobrisa.cat\/es\/agenda-associacio-brisa\/","title":{"rendered":"Agenda"},"content":{"rendered":"<div class=\"wpb-content-wrapper\"><p>[vc_row][vc_column width=\u00bb1\/6&#8243;][\/vc_column][vc_column width=\u00bb2\/3&#8243;][vc_column_text css=\u00bb.vc_custom_1765460581857{margin-bottom: 10px !important;}\u00bb]<\/p>\n<h1 style=\"text-align: center;\">Agenda<\/h1>\n<p>[\/vc_column_text][vc_column_text css=\u00bb.vc_custom_1765460597555{margin-bottom: 10px !important;}\u00bb]<\/p>\n<p style=\"text-align: center;\">Cada evento es una oportunidad para volver a jugar, observar y crear en relaci\u00f3n con el paisaje.<br \/>\nEn la Agenda puedes seguir nuestro movimiento: lo que hacemos, d\u00f3nde estamos y ad\u00f3nde nos lleva la brisa.<\/p>\n<p>[\/vc_column_text][vc_empty_space height=\u00bb50px\u00bb][\/vc_column][vc_column width=\u00bb1\/6&#8243;][\/vc_column][\/vc_row][vc_row][vc_column][vc_column_text]<div class=\"mec-wrap mec-skin-list-container  \" id=\"mec_skin_1401\">\r\n\r\n    \r\n        <div class=\"mec-skin-list-events-container\" id=\"mec_skin_events_1401\">\r\n        \u00a1No hay eventos!    <\/div>\r\n    \r\n    \r\n<\/div>\r\n[\/vc_column_text][\/vc_column][\/vc_row][vc_row full_width=\u00bbstretch_row_content_no_spaces\u00bb bg_type=\u00bbimage\u00bb parallax_style=\u00bbvcpb-default\u00bb bg_image_new=\u00bbid^1367|url^https:\/\/www.associaciobrisa.cat\/wp-content\/uploads\/2025\/12\/Brisa-peu-agenda.webp|caption^null|alt^null|title^Brisa &#8211; peu agenda|description^null\u00bb bg_image_repeat=\u00bbno-repeat\u00bb bg_img_attach=\u00bbfixed\u00bb enable_overlay=\u00bbenable_overlay_value\u00bb overlay_color=\u00bb#80C7BC2E\u00bb ult_hide_row=\u00bbult_hide_row_value\u00bb ult_hide_row_mobile=\u00bbmobile\u00bb css=\u00bb.vc_custom_1765543108149{padding-top: 200px !important;padding-bottom: 200px !important;}\u00bb][vc_column][\/vc_column][\/vc_row][vc_row full_width=\u00bbstretch_row_content_no_spaces\u00bb bg_type=\u00bbimage\u00bb parallax_style=\u00bbvcpb-default\u00bb bg_image_new=\u00bbid^1367|url^https:\/\/www.associaciobrisa.cat\/wp-content\/uploads\/2025\/12\/Brisa-peu-agenda.webp|caption^null|alt^null|title^Brisa &#8211; peu agenda|description^null\u00bb bg_image_repeat=\u00bbno-repeat\u00bb enable_overlay=\u00bbenable_overlay_value\u00bb overlay_color=\u00bb#80C7BC2E\u00bb ult_hide_row=\u00bbult_hide_row_value\u00bb ult_hide_row_large_screen=\u00bblarge_screen\u00bb ult_hide_row_desktop=\u00bbdesktop\u00bb ult_hide_row_tablet=\u00bbtablet\u00bb ult_hide_row_tablet_small=\u00bbxs_tablet\u00bb ult_hide_row_mobile_large=\u00bbxl_mobile\u00bb css=\u00bb.vc_custom_1765547238685{padding-top: 80px !important;padding-bottom: 80px !important;}\u00bb el_id=\u00bbm\u00f3vil\u00bb][vc_column][\/vc_column][\/vc_row]<\/p>\n<\/div>","protected":false},"excerpt":{"rendered":"<p>[vc_row][vc_column width=\u00bb1\/6&#8243;][\/vc_column][vc_column width=\u00bb2\/3&#8243;][vc_column_text css=\u00bb.vc_custom_1765460581857{margin-bottom: 10px !important;}\u00bb] Agenda [\/vc_column_text][vc_column_text css=\u00bb.vc_custom_1765460597555{margin-bottom: 10px !important;}\u00bb] Cada evento es una oportunidad para volver a jugar, observar y crear en relaci\u00f3n con el paisaje. En la Agenda puedes seguir nuestro movimiento: lo que hacemos, d\u00f3nde estamos y ad\u00f3nde nos lleva la brisa. [\/vc_column_text][vc_empty_space height=\u00bb50px\u00bb][\/vc_column][vc_column width=\u00bb1\/6&#8243;][\/vc_column][\/vc_row][vc_row][vc_column][vc_column_text][\/vc_column_text][\/vc_column][\/vc_row][vc_row full_width=\u00bbstretch_row_content_no_spaces\u00bb bg_type=\u00bbimage\u00bb parallax_style=\u00bbvcpb-default\u00bb bg_image_new=\u00bbid^1367|url^https:\/\/www.associaciobrisa.cat\/wp-content\/uploads\/2025\/12\/Brisa-peu-agenda.webp|caption^null|alt^null|title^Brisa &#8211; peu&hellip;<\/p>\n","protected":false},"author":1,"featured_media":0,"parent":0,"menu_order":0,"comment_status":"closed","ping_status":"closed","template":"","meta":{"footnotes":""},"class_list":["post-1540","page","type-page","status-publish","hentry","description-off"],"_links":{"self":[{"href":"https:\/\/www.associaciobrisa.cat\/es\/wp-json\/wp\/v2\/pages\/1540","targetHints":{"allow":["GET"]}}],"collection":[{"href":"https:\/\/www.associaciobrisa.cat\/es\/wp-json\/wp\/v2\/pages"}],"about":[{"href":"https:\/\/www.associaciobrisa.cat\/es\/wp-json\/wp\/v2\/types\/page"}],"author":[{"embeddable":true,"href":"https:\/\/www.associaciobrisa.cat\/es\/wp-json\/wp\/v2\/users\/1"}],"replies":[{"embeddable":true,"href":"https:\/\/www.associaciobrisa.cat\/es\/wp-json\/wp\/v2\/comments?post=1540"}],"version-history":[{"count":7,"href":"https:\/\/www.associaciobrisa.cat\/es\/wp-json\/wp\/v2\/pages\/1540\/revisions"}],"predecessor-version":[{"id":1556,"href":"https:\/\/www.associaciobrisa.cat\/es\/wp-json\/wp\/v2\/pages\/1540\/revisions\/1556"}],"wp:attachment":[{"href":"https:\/\/www.associaciobrisa.cat\/es\/wp-json\/wp\/v2\/media?parent=1540"}],"curies":[{"name":"wp","href":"https:\/\/api.w.org\/{rel}","templated":true}]}}