{"id":1577,"date":"2024-05-20T09:18:24","date_gmt":"2024-05-20T09:18:24","guid":{"rendered":"https:\/\/www.associaciobrisa.cat\/?page_id=1577"},"modified":"2026-01-22T11:35:22","modified_gmt":"2026-01-22T11:35:22","slug":"accesibilidad","status":"publish","type":"page","link":"https:\/\/www.associaciobrisa.cat\/es\/accesibilidad\/","title":{"rendered":"Accesibilidad"},"content":{"rendered":"<div class=\"wpb-content-wrapper\"><p>[vc_row][vc_column width=\u00bb1\/6&#8243;][\/vc_column][vc_column width=\u00bb2\/3&#8243;][vc_column_text css=\u00bb\u00bb]<\/p>\n<p data-start=\"5234\" data-end=\"5323\">Esta declaraci\u00f3n de accesibilidad se aplica al sitio web <a class=\"decorated-link\" href=\"https:\/\/www.associaciobrisa.cat\/es\/\" target=\"_new\" rel=\"noopener\" data-start=\"5291\" data-end=\"5322\">https:\/\/www.associaciobrisa.cat<\/a>.<\/p>\n<p data-start=\"5325\" data-end=\"5362\"><strong data-start=\"5325\" data-end=\"5362\">1. Compromiso con la accesibilidad<\/strong><\/p>\n<p data-start=\"5364\" data-end=\"5570\">ASSOCIACI\u00d3 BRISA se compromete a facilitar el acceso a su sitio web a todas las personas, independientemente de sus capacidades f\u00edsicas, sensoriales o cognitivas, promoviendo una navegaci\u00f3n clara y accesible.<\/p>\n<p data-start=\"5572\" data-end=\"5598\"><strong data-start=\"5572\" data-end=\"5598\">2. Estado de cumplimiento<\/strong><\/p>\n<p data-start=\"5600\" data-end=\"5784\">Este sitio web es parcialmente conforme con las Directrices de Accesibilidad para el Contenido Web (WCAG) 2.1 nivel AA, debido a posibles elementos que se encuentran en proceso de mejora.<\/p>\n<p data-start=\"5786\" data-end=\"5816\"><strong data-start=\"5786\" data-end=\"5816\">3. Contenido no accesible<\/strong><\/p>\n<p data-start=\"5818\" data-end=\"6076\">Algunos contenidos pueden no cumplir totalmente los criterios de accesibilidad, como:<br \/>\nAlgunas im\u00e1genes sin texto alternativo completo<br data-start=\"5948\" data-end=\"5951\" \/>Contenido incrustado de terceros como Instagram<br data-start=\"5995\" data-end=\"5998\" \/>Limitaciones puntuales en navegaci\u00f3n mediante teclado o tecnolog\u00edas asistivas<\/p>\n<p data-start=\"6078\" data-end=\"6102\"><strong data-start=\"6078\" data-end=\"6102\">4. Medidas adoptadas<\/strong><\/p>\n<p data-start=\"6104\" data-end=\"6332\">El sitio web incorpora medidas como:<br \/>\nEstructura clara y coherente de los contenidos<br data-start=\"6182\" data-end=\"6185\" \/>Dise\u00f1o adaptable a dispositivos m\u00f3viles<br data-start=\"6223\" data-end=\"6226\" \/>Compatibilidad con navegadores actuales<br data-start=\"6263\" data-end=\"6266\" \/>Mejora progresiva de la legibilidad y el contraste de los textos<\/p>\n<p data-start=\"6334\" data-end=\"6368\"><strong data-start=\"6334\" data-end=\"6368\">5. Preparaci\u00f3n de la declaraci\u00f3n<\/strong><\/p>\n<p data-start=\"6370\" data-end=\"6477\">Esta declaraci\u00f3n de accesibilidad ha sido preparada el 21 de enero de 2026 mediante una autoevaluaci\u00f3n.<\/p>\n<p data-start=\"6479\" data-end=\"6494\"><strong data-start=\"6479\" data-end=\"6494\">6. Contacto<\/strong><\/p>\n<p data-start=\"6496\" data-end=\"6649\">Si detecta dificultades de accesibilidad o desea hacer sugerencias, puede contactar con nosotros a trav\u00e9s del correo electr\u00f3nico <a class=\"decorated-link cursor-pointer\" rel=\"noopener\" data-start=\"6624\" data-end=\"6648\">info@associaciobrisa.cat<\/a>.<\/p>\n<p data-start=\"6651\" data-end=\"6683\"><strong data-start=\"6651\" data-end=\"6683\">7. Procedimiento de reclamaci\u00f3n<\/strong><\/p>\n<p data-start=\"6685\" data-end=\"6857\">En caso de que la solicitud de accesibilidad no sea atendida adecuadamente, el usuario puede presentar una reclamaci\u00f3n ante el organismo competente, de acuerdo con la normativa vigente.<\/p>\n<p>[\/vc_column_text][\/vc_column][vc_column width=\u00bb1\/6&#8243;][\/vc_column][\/vc_row]<\/p>\n<\/div>","protected":false},"excerpt":{"rendered":"<p>[vc_row][vc_column width=\u00bb1\/6&#8243;][\/vc_column][vc_column width=\u00bb2\/3&#8243;][vc_column_text css=\u00bb\u00bb] Esta declaraci\u00f3n de accesibilidad se aplica al sitio web https:\/\/www.associaciobrisa.cat. 1. Compromiso con la accesibilidad ASSOCIACI\u00d3 BRISA se compromete a facilitar el acceso a su sitio web a todas las personas, independientemente de sus capacidades f\u00edsicas, sensoriales o cognitivas, promoviendo una navegaci\u00f3n clara y accesible. 2. Estado de cumplimiento Este sitio&hellip;<\/p>\n","protected":false},"author":2,"featured_media":0,"parent":0,"menu_order":0,"comment_status":"closed","ping_status":"closed","template":"","meta":{"footnotes":""},"class_list":["post-1577","page","type-page","status-publish","hentry","description-off"],"_links":{"self":[{"href":"https:\/\/www.associaciobrisa.cat\/es\/wp-json\/wp\/v2\/pages\/1577","targetHints":{"allow":["GET"]}}],"collection":[{"href":"https:\/\/www.associaciobrisa.cat\/es\/wp-json\/wp\/v2\/pages"}],"about":[{"href":"https:\/\/www.associaciobrisa.cat\/es\/wp-json\/wp\/v2\/types\/page"}],"author":[{"embeddable":true,"href":"https:\/\/www.associaciobrisa.cat\/es\/wp-json\/wp\/v2\/users\/2"}],"replies":[{"embeddable":true,"href":"https:\/\/www.associaciobrisa.cat\/es\/wp-json\/wp\/v2\/comments?post=1577"}],"version-history":[{"count":4,"href":"https:\/\/www.associaciobrisa.cat\/es\/wp-json\/wp\/v2\/pages\/1577\/revisions"}],"predecessor-version":[{"id":1614,"href":"https:\/\/www.associaciobrisa.cat\/es\/wp-json\/wp\/v2\/pages\/1577\/revisions\/1614"}],"wp:attachment":[{"href":"https:\/\/www.associaciobrisa.cat\/es\/wp-json\/wp\/v2\/media?parent=1577"}],"curies":[{"name":"wp","href":"https:\/\/api.w.org\/{rel}","templated":true}]}}