{"id":1581,"date":"2024-05-20T08:43:44","date_gmt":"2024-05-20T08:43:44","guid":{"rendered":"https:\/\/www.associaciobrisa.cat\/aviso-legal\/"},"modified":"2026-01-22T09:54:11","modified_gmt":"2026-01-22T09:54:11","slug":"aviso-legal","status":"publish","type":"page","link":"https:\/\/www.associaciobrisa.cat\/es\/aviso-legal\/","title":{"rendered":"Aviso legal"},"content":{"rendered":"<div class=\"wpb-content-wrapper\"><p>[vc_row][vc_column width=\u00bb1\/6&#8243;][\/vc_column][vc_column width=\u00bb2\/3&#8243;][vc_column_text css=\u00bb\u00bb]<\/p>\n<p data-start=\"3496\" data-end=\"3524\"><strong data-start=\"3496\" data-end=\"3524\">1. Datos identificativos<\/strong><\/p>\n<p data-start=\"3526\" data-end=\"3676\">En cumplimiento de la Ley 34\/2002, de servicios de la sociedad de la informaci\u00f3n y del comercio electr\u00f3nico, se informa que este sitio web es titularidad de:<\/p>\n<p data-start=\"3678\" data-end=\"3848\">ASOCIACI\u00d3N BRISA<br data-start=\"3694\" data-end=\"3697\">NIF: G13986203<br data-start=\"3711\" data-end=\"3714\">Direcci\u00f3n: calle vell, n\u00fam. 2, 17120 La Pera<br data-start=\"3756\" data-end=\"3759\">Correo electr\u00f3nico: <a class=\"decorated-link cursor-pointer\" rel=\"noopener\" data-start=\"3778\" data-end=\"3802\">info@associaciobrisa.cat<\/a><br data-start=\"3802\" data-end=\"3805\">Sitio web: <a class=\"decorated-link\" href=\"https:\/\/www.associaciobrisa.cat\/es\/\" target=\"_new\" rel=\"noopener\" data-start=\"3815\" data-end=\"3846\">https:\/\/www.associaciobrisa.cat<\/a> <\/p>\n<p data-start=\"3850\" data-end=\"3864\"><strong data-start=\"3850\" data-end=\"3864\">2. Objeto<\/strong><\/p>\n<p data-start=\"3866\" data-end=\"3977\">Este sitio web tiene como finalidad informar sobre las actividades, proyectos y contenidos de la ASOCIACI\u00d3N BRISA.<\/p>\n<p data-start=\"3979\" data-end=\"4082\">El acceso y uso del sitio web atribuye la condici\u00f3n de usuario e implica la aceptaci\u00f3n del presente aviso legal.<\/p>\n<p data-start=\"4084\" data-end=\"4106\"><strong data-start=\"4084\" data-end=\"4106\">3. Condiciones de uso<\/strong><\/p>\n<p data-start=\"4108\" data-end=\"4301\">El usuario se compromete a hacer un uso adecuado del sitio web, de conformidad con la ley, la buena fe y el orden p\u00fablico, y a no llevar a cabo acciones que puedan da\u00f1ar el sitio web o los derechos de terceros.<\/p>\n<p data-start=\"4303\" data-end=\"4346\"><strong data-start=\"4303\" data-end=\"4346\">4. Propiedad intelectual e industrial<\/strong><\/p>\n<p data-start=\"4348\" data-end=\"4551\">Todos los contenidos del sitio web, incluyendo textos, im\u00e1genes, dise\u00f1o, logotipos y otros elementos, son titularidad de la ASOCIACI\u00d3N BRISA o de terceros autorizados, y est\u00e1n protegidos por la normativa vigente.<\/p>\n<p data-start=\"4553\" data-end=\"4633\">Queda prohibida su reproducci\u00f3n total o parcial sin autorizaci\u00f3n expresa.<\/p>\n<p data-start=\"4635\" data-end=\"4657\"><strong data-start=\"4635\" data-end=\"4657\">5. Responsabilidad<\/strong><\/p>\n<p data-start=\"4659\" data-end=\"4814\">La ASOCIACI\u00d3N BRISA no se hace responsable de los posibles errores t\u00e9cnicos, interrupciones del servicio ni del uso indebido de la informaci\u00f3n contenida en el sitio web.<\/p>\n<p data-start=\"4816\" data-end=\"4839\"><strong data-start=\"4816\" data-end=\"4839\">6. Enlaces externos<\/strong><\/p>\n<p data-start=\"4841\" data-end=\"5004\">Este sitio web puede incluir enlaces a sitios web de terceros. La ASOCIACI\u00d3N BRISA no asume ninguna responsabilidad sobre los contenidos o pol\u00edticas de estos sitios. <\/p>\n<p data-start=\"5006\" data-end=\"5033\"><strong data-start=\"5006\" data-end=\"5033\">7. Legislaci\u00f3n aplicable<\/strong><\/p>\n<p data-start=\"5035\" data-end=\"5196\">La relaci\u00f3n entre el usuario y el titular del sitio web se rige por la legislaci\u00f3n espa\u00f1ola. Cualquier controversia se someter\u00e1 a los juzgados y tribunales competentes. <\/p>\n<p>[\/vc_column_text][\/vc_column][vc_column width=\u00bb1\/6&#8243;][\/vc_column][\/vc_row]<\/p>\n<\/div>","protected":false},"excerpt":{"rendered":"<p>[vc_row][vc_column width=\u00bb1\/6&#8243;][\/vc_column][vc_column width=\u00bb2\/3&#8243;][vc_column_text css=\u00bb\u00bb] 1. Datos identificativos En cumplimiento de la Ley 34\/2002, de servicios de la sociedad de la informaci\u00f3n y del comercio electr\u00f3nico, se informa que este sitio web es titularidad de: ASOCIACI\u00d3N BRISANIF: G13986203Direcci\u00f3n: calle vell, n\u00fam. 2, 17120 La PeraCorreo electr\u00f3nico: info@associaciobrisa.catSitio web: https:\/\/www.associaciobrisa.cat 2. Objeto Este sitio web tiene como&hellip;<\/p>\n","protected":false},"author":1,"featured_media":0,"parent":0,"menu_order":0,"comment_status":"closed","ping_status":"open","template":"","meta":{"footnotes":""},"class_list":["post-1581","page","type-page","status-publish","hentry","description-off"],"_links":{"self":[{"href":"https:\/\/www.associaciobrisa.cat\/es\/wp-json\/wp\/v2\/pages\/1581","targetHints":{"allow":["GET"]}}],"collection":[{"href":"https:\/\/www.associaciobrisa.cat\/es\/wp-json\/wp\/v2\/pages"}],"about":[{"href":"https:\/\/www.associaciobrisa.cat\/es\/wp-json\/wp\/v2\/types\/page"}],"author":[{"embeddable":true,"href":"https:\/\/www.associaciobrisa.cat\/es\/wp-json\/wp\/v2\/users\/1"}],"replies":[{"embeddable":true,"href":"https:\/\/www.associaciobrisa.cat\/es\/wp-json\/wp\/v2\/comments?post=1581"}],"version-history":[{"count":3,"href":"https:\/\/www.associaciobrisa.cat\/es\/wp-json\/wp\/v2\/pages\/1581\/revisions"}],"predecessor-version":[{"id":1584,"href":"https:\/\/www.associaciobrisa.cat\/es\/wp-json\/wp\/v2\/pages\/1581\/revisions\/1584"}],"wp:attachment":[{"href":"https:\/\/www.associaciobrisa.cat\/es\/wp-json\/wp\/v2\/media?parent=1581"}],"curies":[{"name":"wp","href":"https:\/\/api.w.org\/{rel}","templated":true}]}}