{"id":1585,"date":"2024-05-10T12:31:03","date_gmt":"2024-05-10T12:31:03","guid":{"rendered":"https:\/\/www.associaciobrisa.cat\/politica-de-privacidad\/"},"modified":"2026-01-22T11:36:23","modified_gmt":"2026-01-22T11:36:23","slug":"politica-de-privacidad","status":"publish","type":"page","link":"https:\/\/www.associaciobrisa.cat\/es\/politica-de-privacidad\/","title":{"rendered":"Pol\u00edtica de privacidad"},"content":{"rendered":"<div class=\"wpb-content-wrapper\"><p>[vc_row][vc_column width=\u00bb1\/6&#8243;][\/vc_column][vc_column width=\u00bb2\/3&#8243;][vc_column_text css=\u00bb\u00bb]<\/p>\n<p data-start=\"375\" data-end=\"555\">Esta pol\u00edtica de privacidad se actualiz\u00f3 por \u00faltima vez el 21 de enero de 2026 y se aplica a ciudadanos y residentes legales permanentes del Espacio Econ\u00f3mico Europeo y Suiza.<\/p>\n<p data-start=\"557\" data-end=\"582\"><strong data-start=\"557\" data-end=\"582\">1. Informaci\u00f3n general<\/strong><\/p>\n<p data-start=\"584\" data-end=\"750\">En cumplimiento del Reglamento (UE) 2016\/679 (RGPD), se informa a los usuarios del sitio web <a class=\"decorated-link\" href=\"https:\/\/www.associaciobrisa.cat\/es\/\" target=\"_new\" rel=\"noopener\" data-start=\"669\" data-end=\"700\">https:\/\/www.associaciobrisa.cat<\/a> sobre el tratamiento de sus datos personales.<\/p>\n<p data-start=\"752\" data-end=\"930\">El responsable del tratamiento es:<br data-start=\"785\" data-end=\"788\" \/>ASSOCIACI\u00d3 BRISA<br data-start=\"804\" data-end=\"807\" \/>NIF: G13986203<br data-start=\"821\" data-end=\"824\" \/>Direcci\u00f3n: carrer vell, n\u00fam. 2, 17120 La Pera<br data-start=\"866\" data-end=\"869\" \/>Pa\u00eds: Espa\u00f1a<br data-start=\"882\" data-end=\"885\" \/>Correo electr\u00f3nico: <a class=\"decorated-link cursor-pointer\" rel=\"noopener\" data-start=\"904\" data-end=\"928\">info@associaciobrisa.cat<\/a><\/p>\n<p data-start=\"932\" data-end=\"970\"><strong data-start=\"932\" data-end=\"970\">2. Datos personales que se recogen<\/strong><\/p>\n<p data-start=\"972\" data-end=\"1275\">Este sitio web puede recoger los siguientes datos personales:<br \/>\nNombre y apellidos<br data-start=\"1044\" data-end=\"1047\" \/>Correo electr\u00f3nico<br data-start=\"1064\" data-end=\"1067\" \/>Tel\u00e9fono, si procede<br data-start=\"1084\" data-end=\"1087\" \/>Datos facilitados mediante formularios de contacto<br data-start=\"1138\" data-end=\"1141\" \/>Datos t\u00e9cnicos como la direcci\u00f3n IP, navegador, dispositivo o sistema operativo<br data-start=\"1214\" data-end=\"1217\" \/>Preferencias relacionadas con el consentimiento de cookies<\/p>\n<p data-start=\"1277\" data-end=\"1308\"><strong data-start=\"1277\" data-end=\"1308\">3. Finalidad del tratamiento<\/strong><\/p>\n<p data-start=\"1310\" data-end=\"1610\">Los datos personales se tratan con las siguientes finalidades:<br \/>\nAtender consultas o solicitudes realizadas por los usuarios<br data-start=\"1427\" data-end=\"1430\" \/>Gestionar comunicaciones informativas relacionadas con la actividad de la asociaci\u00f3n<br data-start=\"1511\" data-end=\"1514\" \/>Garantizar el correcto funcionamiento del sitio web<br data-start=\"1560\" data-end=\"1563\" \/>Cumplir con las obligaciones legales aplicables<\/p>\n<p data-start=\"1612\" data-end=\"1644\"><strong data-start=\"1612\" data-end=\"1644\">4. Base legal del tratamiento<\/strong><\/p>\n<p data-start=\"1646\" data-end=\"1828\">La base legal del tratamiento es:<br \/>\nEl consentimiento del usuario<br data-start=\"1706\" data-end=\"1709\" \/>El cumplimiento de obligaciones legales<br data-start=\"1743\" data-end=\"1746\" \/>El inter\u00e9s leg\u00edtimo de la asociaci\u00f3n para el desarrollo de sus finalidades<\/p>\n<p data-start=\"1830\" data-end=\"1861\"><strong data-start=\"1830\" data-end=\"1861\">5. Conservaci\u00f3n de las datos<\/strong><\/p>\n<p data-start=\"1863\" data-end=\"2083\">Los datos personales se conservar\u00e1n durante el tiempo necesario para cumplir la finalidad para la cual fueron recogidos, o hasta que el usuario solicite su supresi\u00f3n, y durante los plazos exigidos por la normativa vigente.<\/p>\n<p data-start=\"2085\" data-end=\"2117\"><strong data-start=\"2085\" data-end=\"2117\">6. Destinatarios de las datos<\/strong><\/p>\n<p data-start=\"2119\" data-end=\"2332\">Los datos personales no se comunicar\u00e1n a terceros, excepto obligaci\u00f3n legal o cuando sea necesario para el funcionamiento t\u00e9cnico del sitio web mediante proveedores de servicios que act\u00faan como encargados del tratamiento.<\/p>\n<p data-start=\"2334\" data-end=\"2476\">El uso de contenido de terceros, como Instagram, puede implicar transferencias internacionales de datos con las garant\u00edas adecuadas conforme al RGPD.<\/p>\n<p data-start=\"2478\" data-end=\"2502\"><strong data-start=\"2478\" data-end=\"2502\">7. Derechos del usuario<\/strong><\/p>\n<p data-start=\"2504\" data-end=\"2779\">El usuario puede ejercer los siguientes derechos:<br \/>\nAcceso a sus datos personales<br data-start=\"2578\" data-end=\"2581\" \/>Rectificaci\u00f3n de datos inexactos o incompletos<br data-start=\"2626\" data-end=\"2629\" \/>Supresi\u00f3n de los datos<br data-start=\"2651\" data-end=\"2654\" \/>Limitaci\u00f3n del tratamiento<br data-start=\"2678\" data-end=\"2681\" \/>Portabilidad de los datos<br data-start=\"2706\" data-end=\"2709\" \/>Oposici\u00f3n al tratamiento<br data-start=\"2731\" data-end=\"2734\" \/>Retirar el consentimiento en cualquier momento<\/p>\n<p data-start=\"2781\" data-end=\"2864\">Para ejercer estos derechos, puede enviar una solicitud a <a class=\"decorated-link cursor-pointer\" rel=\"noopener\" data-start=\"2839\" data-end=\"2863\">info@associaciobrisa.cat<\/a>.<\/p>\n<p data-start=\"2866\" data-end=\"2959\">Tambi\u00e9n tiene derecho a presentar una reclamaci\u00f3n ante la Agencia Espa\u00f1ola de Protecci\u00f3n de Datos.<\/p>\n<p data-start=\"2961\" data-end=\"2988\"><strong data-start=\"2961\" data-end=\"2988\">8. Medidas de seguridad<\/strong><\/p>\n<p data-start=\"2990\" data-end=\"3145\">ASSOCIACI\u00d3 BRISA aplica las medidas t\u00e9cnicas y organizativas necesarias para garantizar la seguridad, confidencialidad e integridad de los datos personales.<\/p>\n<p data-start=\"3147\" data-end=\"3167\"><strong data-start=\"3147\" data-end=\"3167\">9. Uso de cookies<\/strong><\/p>\n<p data-start=\"3169\" data-end=\"3310\">Este sitio web utiliza cookies propias y de terceros. Puede consultar toda la informaci\u00f3n correspondiente a la Pol\u00edtica de Cookies del sitio web.<\/p>\n<p data-start=\"3312\" data-end=\"3333\"><strong data-start=\"3312\" data-end=\"3333\">10. Modificaciones<\/strong><\/p>\n<p data-start=\"3335\" data-end=\"3473\">El responsable del tratamiento se reserva el derecho a modificar esta pol\u00edtica de privacidad para adaptarla a cambios legislativos o t\u00e9cnicos.<\/p>\n<p>[\/vc_column_text][\/vc_column][vc_column width=\u00bb1\/6&#8243;][\/vc_column][\/vc_row]<\/p>\n<\/div>","protected":false},"excerpt":{"rendered":"<p>[vc_row][vc_column width=\u00bb1\/6&#8243;][\/vc_column][vc_column width=\u00bb2\/3&#8243;][vc_column_text css=\u00bb\u00bb] Esta pol\u00edtica de privacidad se actualiz\u00f3 por \u00faltima vez el 21 de enero de 2026 y se aplica a ciudadanos y residentes legales permanentes del Espacio Econ\u00f3mico Europeo y Suiza. 1. Informaci\u00f3n general En cumplimiento del Reglamento (UE) 2016\/679 (RGPD), se informa a los usuarios del sitio web https:\/\/www.associaciobrisa.cat sobre el&hellip;<\/p>\n","protected":false},"author":1,"featured_media":0,"parent":0,"menu_order":0,"comment_status":"closed","ping_status":"closed","template":"","meta":{"footnotes":""},"class_list":["post-1585","page","type-page","status-publish","hentry","description-off"],"_links":{"self":[{"href":"https:\/\/www.associaciobrisa.cat\/es\/wp-json\/wp\/v2\/pages\/1585","targetHints":{"allow":["GET"]}}],"collection":[{"href":"https:\/\/www.associaciobrisa.cat\/es\/wp-json\/wp\/v2\/pages"}],"about":[{"href":"https:\/\/www.associaciobrisa.cat\/es\/wp-json\/wp\/v2\/types\/page"}],"author":[{"embeddable":true,"href":"https:\/\/www.associaciobrisa.cat\/es\/wp-json\/wp\/v2\/users\/1"}],"replies":[{"embeddable":true,"href":"https:\/\/www.associaciobrisa.cat\/es\/wp-json\/wp\/v2\/comments?post=1585"}],"version-history":[{"count":4,"href":"https:\/\/www.associaciobrisa.cat\/es\/wp-json\/wp\/v2\/pages\/1585\/revisions"}],"predecessor-version":[{"id":1615,"href":"https:\/\/www.associaciobrisa.cat\/es\/wp-json\/wp\/v2\/pages\/1585\/revisions\/1615"}],"wp:attachment":[{"href":"https:\/\/www.associaciobrisa.cat\/es\/wp-json\/wp\/v2\/media?parent=1585"}],"curies":[{"name":"wp","href":"https:\/\/api.w.org\/{rel}","templated":true}]}}